{"id":21919,"date":"2021-11-08T23:39:59","date_gmt":"2021-11-08T22:39:59","guid":{"rendered":"https:\/\/wp.kort.at\/?page_id=21919"},"modified":"2021-11-19T22:36:50","modified_gmt":"2021-11-19T21:36:50","slug":"impressum","status":"publish","type":"page","link":"http:\/\/www.kort.at\/?page_id=21919","title":{"rendered":"Impressum"},"content":{"rendered":"\n<hr class=\"wp-block-separator\"\/>\n\n\n\n<hr class=\"wp-block-separator\"\/>\n\n\n\n<hr class=\"wp-block-separator\"\/>\n\n\n\n<p>Impressum<\/p>\n\n\n\n<p>Verantwortlich f\u00fcr den Inhalt dieser Webseite:<\/p>\n\n\n\n<p><strong>Marco Kort<\/strong><\/p>\n\n\n\n<p><strong>Marco Kort \u2013 Goldschmied<\/strong><\/p>\n\n\n\n<p><strong>Arbeiterheimgasse 4<\/strong><\/p>\n\n\n\n<p><strong>9170 Ferlach<\/strong><\/p>\n\n\n\n<p><strong>\u00d6sterreich<\/strong><\/p>\n\n\n\n<p>Telefon: +43 676 4013575<\/p>\n\n\n\n<p>Email:&nbsp;info@kort.at<\/p>\n\n\n\n<p>Web:&nbsp;www.kort.at&nbsp;<\/p>\n\n\n\n<p>Miglied der WK\u00d6, WKK<\/p>\n\n\n\n<p>Rechtsfrom: Einzelunternehmer<\/p>\n\n\n\n<p>Unternehmensgegenstand: Gold- und Silberschmiede (Handwerk) gem\u00e4\u00df \u00a7 94 Z 29 GewO 1994<\/p>\n\n\n\n<p>Gewerbeordnung:&nbsp;www.ris.bka.gv.at<\/p>\n\n\n\n<p>Bezirkshauptmannschaft Klagenfurt<\/p>\n\n\n\n<p><strong>Plattform zur Online-Streitbeilegung der Europ\u00e4ischen Kommission<\/strong><br><a href=\"http:\/\/ec.europa.eu\/consumers\/odr\/\" target=\"_blank\" rel=\"noreferrer noopener\">http:\/\/ec.europa.eu\/consumers\/odr\/<\/a><\/p>\n","protected":false},"excerpt":{"rendered":"<p>Impressum Verantwortlich f\u00fcr den Inhalt dieser Webseite: Marco Kort Marco Kort \u2013 Goldschmied Arbeiterheimgasse 4 9170 Ferlach \u00d6sterreich Telefon: +43 676 4013575 Email:&nbsp;info@kort.at Web:&nbsp;www.kort.at&nbsp; Miglied der WK\u00d6, WKK Rechtsfrom: Einzelunternehmer Unternehmensgegenstand: Gold- und Silberschmiede (Handwerk) gem\u00e4\u00df \u00a7 94 Z 29 GewO 1994 Gewerbeordnung:&nbsp;www.ris.bka.gv.at Bezirkshauptmannschaft Klagenfurt&#8230;<\/p>\n","protected":false},"author":1,"featured_media":0,"parent":0,"menu_order":0,"comment_status":"closed","ping_status":"closed","template":"","meta":{"ngg_post_thumbnail":0,"footnotes":""},"class_list":["post-21919","page","type-page","status-publish","hentry"],"_links":{"self":[{"href":"http:\/\/www.kort.at\/index.php?rest_route=\/wp\/v2\/pages\/21919","targetHints":{"allow":["GET"]}}],"collection":[{"href":"http:\/\/www.kort.at\/index.php?rest_route=\/wp\/v2\/pages"}],"about":[{"href":"http:\/\/www.kort.at\/index.php?rest_route=\/wp\/v2\/types\/page"}],"author":[{"embeddable":true,"href":"http:\/\/www.kort.at\/index.php?rest_route=\/wp\/v2\/users\/1"}],"replies":[{"embeddable":true,"href":"http:\/\/www.kort.at\/index.php?rest_route=%2Fwp%2Fv2%2Fcomments&post=21919"}],"version-history":[{"count":5,"href":"http:\/\/www.kort.at\/index.php?rest_route=\/wp\/v2\/pages\/21919\/revisions"}],"predecessor-version":[{"id":22052,"href":"http:\/\/www.kort.at\/index.php?rest_route=\/wp\/v2\/pages\/21919\/revisions\/22052"}],"wp:attachment":[{"href":"http:\/\/www.kort.at\/index.php?rest_route=%2Fwp%2Fv2%2Fmedia&parent=21919"}],"curies":[{"name":"wp","href":"https:\/\/api.w.org\/{rel}","templated":true}]}}