{"id":21883,"date":"2021-11-08T22:57:29","date_gmt":"2021-11-08T21:57:29","guid":{"rendered":"https:\/\/wp.kort.at\/?page_id=21883"},"modified":"2021-11-19T22:24:09","modified_gmt":"2021-11-19T21:24:09","slug":"ueber-mich","status":"publish","type":"page","link":"http:\/\/www.kort.at\/?page_id=21883","title":{"rendered":"\u00dcBER MICH"},"content":{"rendered":"\n<hr class=\"wp-block-separator\"\/>\n\n\n\n<hr class=\"wp-block-separator\"\/>\n\n\n\n<p><\/p>\n\n\n\n<p>In meinem Goldschmied-Atelier in Ferlach kreiere ich individuellen Schmuck.<br>Dabei kann ich Ihre W\u00fcnsche in die Umsetzung einflie\u00dfen lassen.<br>Mein Design verleiht Ihren Schmuckst\u00fccken Pers\u00f6nlichkeit.<br>Sie werden in feinstem Edelmetall hergestellt und je nach Kreation mit erlesenen Edelsteinen best\u00fcckt.<br>Dabei ist mir h\u00f6chste Qualit\u00e4t ein hohes Anliegen.<br>Ich \u00e4ndere oder repariere auch gerne Ihre Schmuckst\u00fccke, damit Sie wieder viele Jahre Freude daran haben.<br>Schauen Sie einfach einmal unverbindlich bei mir vorbei, um sich zu orientieren oder rufen Sie mich an, um einen Termin zu vereinbaren.<\/p>\n\n\n\n<p>Ich freue mich, Sie in meinem Atelier begr\u00fc\u00dfen zu d\u00fcrfen.<br>Ihr Goldschmied Marco Kort<\/p>\n\n\n<h4>&nbsp;<\/h4>\n<p>&nbsp;<\/p>\n<p><img loading=\"lazy\" decoding=\"async\" class=\"alignnone wp-image-21885\" src=\"http:\/\/www.kort.at\/wp-content\/uploads\/2021\/11\/K1024_15-1024x681.jpg\" alt=\"\" width=\"600\" height=\"399\" srcset=\"http:\/\/www.kort.at\/wp-content\/uploads\/2021\/11\/K1024_15-1024x681.jpg 1024w, http:\/\/www.kort.at\/wp-content\/uploads\/2021\/11\/K1024_15-300x200.jpg 300w, http:\/\/www.kort.at\/wp-content\/uploads\/2021\/11\/K1024_15-768x511.jpg 768w, http:\/\/www.kort.at\/wp-content\/uploads\/2021\/11\/K1024_15-700x466.jpg 700w, http:\/\/www.kort.at\/wp-content\/uploads\/2021\/11\/K1024_15-1100x732.jpg 1100w, http:\/\/www.kort.at\/wp-content\/uploads\/2021\/11\/K1024_15-600x399.jpg 600w, http:\/\/www.kort.at\/wp-content\/uploads\/2021\/11\/K1024_15.jpg 1154w\" sizes=\"auto, (max-width: 600px) 100vw, 600px\" \/><\/p>","protected":false},"excerpt":{"rendered":"<p>In meinem Goldschmied-Atelier in Ferlach kreiere ich individuellen Schmuck.Dabei kann ich Ihre W\u00fcnsche in die Umsetzung einflie\u00dfen lassen.Mein Design verleiht Ihren Schmuckst\u00fccken Pers\u00f6nlichkeit.Sie werden in feinstem Edelmetall hergestellt und je nach Kreation mit erlesenen Edelsteinen best\u00fcckt.Dabei ist mir h\u00f6chste Qualit\u00e4t ein hohes Anliegen.Ich \u00e4ndere oder&#8230;<\/p>\n","protected":false},"author":1,"featured_media":0,"parent":0,"menu_order":0,"comment_status":"closed","ping_status":"closed","template":"","meta":{"ngg_post_thumbnail":0,"footnotes":""},"class_list":["post-21883","page","type-page","status-publish","hentry"],"_links":{"self":[{"href":"http:\/\/www.kort.at\/index.php?rest_route=\/wp\/v2\/pages\/21883","targetHints":{"allow":["GET"]}}],"collection":[{"href":"http:\/\/www.kort.at\/index.php?rest_route=\/wp\/v2\/pages"}],"about":[{"href":"http:\/\/www.kort.at\/index.php?rest_route=\/wp\/v2\/types\/page"}],"author":[{"embeddable":true,"href":"http:\/\/www.kort.at\/index.php?rest_route=\/wp\/v2\/users\/1"}],"replies":[{"embeddable":true,"href":"http:\/\/www.kort.at\/index.php?rest_route=%2Fwp%2Fv2%2Fcomments&post=21883"}],"version-history":[{"count":22,"href":"http:\/\/www.kort.at\/index.php?rest_route=\/wp\/v2\/pages\/21883\/revisions"}],"predecessor-version":[{"id":22048,"href":"http:\/\/www.kort.at\/index.php?rest_route=\/wp\/v2\/pages\/21883\/revisions\/22048"}],"wp:attachment":[{"href":"http:\/\/www.kort.at\/index.php?rest_route=%2Fwp%2Fv2%2Fmedia&parent=21883"}],"curies":[{"name":"wp","href":"https:\/\/api.w.org\/{rel}","templated":true}]}}